
{"id":154984,"date":"2021-09-22T12:26:38","date_gmt":"2021-09-22T10:26:38","guid":{"rendered":"https:\/\/www.maisonkitsune.com\/mk\/?page_id=154984"},"modified":"2022-03-03T16:38:40","modified_gmt":"2022-03-03T15:38:40","slug":"ss22-maison-kitsune-fashion-week-2","status":"publish","type":"page","link":"https:\/\/maisonkitsune.com\/mk\/fr\/ss22-maison-kitsune-fashion-week-2\/","title":{"rendered":"Collection Maison Kitsun\u00e9 Printemps-\u00c9t\u00e9 2022"},"content":{"rendered":"","protected":false},"excerpt":{"rendered":"","protected":false},"author":19,"featured_media":0,"parent":0,"menu_order":307,"comment_status":"closed","ping_status":"closed","template":"page-landing.php","meta":[],"_links":{"self":[{"href":"https:\/\/maisonkitsune.com\/mk\/wp-json\/wp\/v2\/pages\/154984"}],"collection":[{"href":"https:\/\/maisonkitsune.com\/mk\/wp-json\/wp\/v2\/pages"}],"about":[{"href":"https:\/\/maisonkitsune.com\/mk\/wp-json\/wp\/v2\/types\/page"}],"author":[{"embeddable":true,"href":"https:\/\/maisonkitsune.com\/mk\/wp-json\/wp\/v2\/users\/19"}],"replies":[{"embeddable":true,"href":"https:\/\/maisonkitsune.com\/mk\/wp-json\/wp\/v2\/comments?post=154984"}],"version-history":[{"count":18,"href":"https:\/\/maisonkitsune.com\/mk\/wp-json\/wp\/v2\/pages\/154984\/revisions"}],"predecessor-version":[{"id":167074,"href":"https:\/\/maisonkitsune.com\/mk\/wp-json\/wp\/v2\/pages\/154984\/revisions\/167074"}],"wp:attachment":[{"href":"https:\/\/maisonkitsune.com\/mk\/wp-json\/wp\/v2\/media?parent=154984"}],"curies":[{"name":"wp","href":"https:\/\/api.w.org\/{rel}","templated":true}]}}