
{"id":155416,"date":"2021-10-06T17:57:41","date_gmt":"2021-10-06T15:57:41","guid":{"rendered":"https:\/\/www.maisonkitsune.com\/mk\/?page_id=155416"},"modified":"2024-08-22T17:43:32","modified_gmt":"2024-08-22T15:43:32","slug":"carte-fidelite-cafe-kitsune","status":"publish","type":"page","link":"https:\/\/maisonkitsune.com\/mk\/fr\/carte-fidelite-cafe-kitsune\/","title":{"rendered":"Carte Fid\u00e9lit\u00e9 &#8211; Caf\u00e9 Kitsun\u00e9"},"content":{"rendered":"","protected":false},"excerpt":{"rendered":"","protected":false},"author":19,"featured_media":0,"parent":0,"menu_order":281,"comment_status":"closed","ping_status":"closed","template":"page-strates.php","meta":[],"_links":{"self":[{"href":"https:\/\/maisonkitsune.com\/mk\/wp-json\/wp\/v2\/pages\/155416"}],"collection":[{"href":"https:\/\/maisonkitsune.com\/mk\/wp-json\/wp\/v2\/pages"}],"about":[{"href":"https:\/\/maisonkitsune.com\/mk\/wp-json\/wp\/v2\/types\/page"}],"author":[{"embeddable":true,"href":"https:\/\/maisonkitsune.com\/mk\/wp-json\/wp\/v2\/users\/19"}],"replies":[{"embeddable":true,"href":"https:\/\/maisonkitsune.com\/mk\/wp-json\/wp\/v2\/comments?post=155416"}],"version-history":[{"count":24,"href":"https:\/\/maisonkitsune.com\/mk\/wp-json\/wp\/v2\/pages\/155416\/revisions"}],"predecessor-version":[{"id":176621,"href":"https:\/\/maisonkitsune.com\/mk\/wp-json\/wp\/v2\/pages\/155416\/revisions\/176621"}],"wp:attachment":[{"href":"https:\/\/maisonkitsune.com\/mk\/wp-json\/wp\/v2\/media?parent=155416"}],"curies":[{"name":"wp","href":"https:\/\/api.w.org\/{rel}","templated":true}]}}