
{"id":155434,"date":"2021-10-07T16:33:16","date_gmt":"2021-10-07T14:33:16","guid":{"rendered":"https:\/\/www.maisonkitsune.com\/mk\/?page_id=155434"},"modified":"2021-10-15T11:28:25","modified_gmt":"2021-10-15T09:28:25","slug":"maison-kitsune-x-cafe-kitsune-collection","status":"publish","type":"page","link":"https:\/\/maisonkitsune.com\/mk\/maison-kitsune-x-cafe-kitsune-collection\/","title":{"rendered":"MAISON KITSUN\u00c9 x CAF\u00c9 KITSUN\u00c9 COLLECTION"},"content":{"rendered":"","protected":false},"excerpt":{"rendered":"","protected":false},"author":19,"featured_media":0,"parent":0,"menu_order":274,"comment_status":"closed","ping_status":"closed","template":"page-strates.php","meta":[],"_links":{"self":[{"href":"https:\/\/maisonkitsune.com\/mk\/wp-json\/wp\/v2\/pages\/155434"}],"collection":[{"href":"https:\/\/maisonkitsune.com\/mk\/wp-json\/wp\/v2\/pages"}],"about":[{"href":"https:\/\/maisonkitsune.com\/mk\/wp-json\/wp\/v2\/types\/page"}],"author":[{"embeddable":true,"href":"https:\/\/maisonkitsune.com\/mk\/wp-json\/wp\/v2\/users\/19"}],"replies":[{"embeddable":true,"href":"https:\/\/maisonkitsune.com\/mk\/wp-json\/wp\/v2\/comments?post=155434"}],"version-history":[{"count":20,"href":"https:\/\/maisonkitsune.com\/mk\/wp-json\/wp\/v2\/pages\/155434\/revisions"}],"predecessor-version":[{"id":155612,"href":"https:\/\/maisonkitsune.com\/mk\/wp-json\/wp\/v2\/pages\/155434\/revisions\/155612"}],"wp:attachment":[{"href":"https:\/\/maisonkitsune.com\/mk\/wp-json\/wp\/v2\/media?parent=155434"}],"curies":[{"name":"wp","href":"https:\/\/api.w.org\/{rel}","templated":true}]}}