
{"id":155438,"date":"2021-10-07T16:44:08","date_gmt":"2021-10-07T14:44:08","guid":{"rendered":"https:\/\/www.maisonkitsune.com\/mk\/?page_id=155438"},"modified":"2021-10-15T11:46:39","modified_gmt":"2021-10-15T09:46:39","slug":"maison-kitsune-x-cafe-kitsune-collection-2","status":"publish","type":"page","link":"https:\/\/maisonkitsune.com\/mk\/fr\/maison-kitsune-x-cafe-kitsune-collection-2\/","title":{"rendered":"MAISON KITSUN\u00c9 x CAF\u00c9 KITSUN\u00c9 COLLECTION"},"content":{"rendered":"","protected":false},"excerpt":{"rendered":"","protected":false},"author":19,"featured_media":0,"parent":0,"menu_order":277,"comment_status":"closed","ping_status":"closed","template":"page-strates.php","meta":[],"_links":{"self":[{"href":"https:\/\/maisonkitsune.com\/mk\/wp-json\/wp\/v2\/pages\/155438"}],"collection":[{"href":"https:\/\/maisonkitsune.com\/mk\/wp-json\/wp\/v2\/pages"}],"about":[{"href":"https:\/\/maisonkitsune.com\/mk\/wp-json\/wp\/v2\/types\/page"}],"author":[{"embeddable":true,"href":"https:\/\/maisonkitsune.com\/mk\/wp-json\/wp\/v2\/users\/19"}],"replies":[{"embeddable":true,"href":"https:\/\/maisonkitsune.com\/mk\/wp-json\/wp\/v2\/comments?post=155438"}],"version-history":[{"count":15,"href":"https:\/\/maisonkitsune.com\/mk\/wp-json\/wp\/v2\/pages\/155438\/revisions"}],"predecessor-version":[{"id":155615,"href":"https:\/\/maisonkitsune.com\/mk\/wp-json\/wp\/v2\/pages\/155438\/revisions\/155615"}],"wp:attachment":[{"href":"https:\/\/maisonkitsune.com\/mk\/wp-json\/wp\/v2\/media?parent=155438"}],"curies":[{"name":"wp","href":"https:\/\/api.w.org\/{rel}","templated":true}]}}