
{"id":167673,"date":"2021-10-07T16:33:16","date_gmt":"2021-10-07T14:33:16","guid":{"rendered":"https:\/\/www.maisonkitsune.com\/mk\/?page_id=155434"},"modified":"2022-04-07T10:14:30","modified_gmt":"2022-04-07T08:14:30","slug":"maison-kitsune-x-cafe-kitsune-collection-4","status":"publish","type":"page","link":"https:\/\/maisonkitsune.com\/mk\/jp\/maison-kitsune-x-cafe-kitsune-collection-4\/","title":{"rendered":"MAISON KITSUN\u00c9 x CAF\u00c9 KITSUN\u00c9 COLLECTION"},"content":{"rendered":"","protected":false},"excerpt":{"rendered":"","protected":false},"author":19,"featured_media":0,"parent":0,"menu_order":276,"comment_status":"closed","ping_status":"closed","template":"page-strates.php","meta":[],"_links":{"self":[{"href":"https:\/\/maisonkitsune.com\/mk\/wp-json\/wp\/v2\/pages\/167673"}],"collection":[{"href":"https:\/\/maisonkitsune.com\/mk\/wp-json\/wp\/v2\/pages"}],"about":[{"href":"https:\/\/maisonkitsune.com\/mk\/wp-json\/wp\/v2\/types\/page"}],"author":[{"embeddable":true,"href":"https:\/\/maisonkitsune.com\/mk\/wp-json\/wp\/v2\/users\/19"}],"replies":[{"embeddable":true,"href":"https:\/\/maisonkitsune.com\/mk\/wp-json\/wp\/v2\/comments?post=167673"}],"version-history":[{"count":1,"href":"https:\/\/maisonkitsune.com\/mk\/wp-json\/wp\/v2\/pages\/167673\/revisions"}],"predecessor-version":[{"id":168064,"href":"https:\/\/maisonkitsune.com\/mk\/wp-json\/wp\/v2\/pages\/167673\/revisions\/168064"}],"wp:attachment":[{"href":"https:\/\/maisonkitsune.com\/mk\/wp-json\/wp\/v2\/media?parent=167673"}],"curies":[{"name":"wp","href":"https:\/\/api.w.org\/{rel}","templated":true}]}}