
{"id":167881,"date":"2021-10-07T16:33:16","date_gmt":"2021-10-07T14:33:16","guid":{"rendered":"https:\/\/www.maisonkitsune.com\/mk\/?page_id=155434"},"modified":"2022-04-07T10:17:35","modified_gmt":"2022-04-07T08:17:35","slug":"maison-kitsune-x-cafe-kitsune-collection-5","status":"publish","type":"page","link":"https:\/\/maisonkitsune.com\/mk\/us\/maison-kitsune-x-cafe-kitsune-collection-5\/","title":{"rendered":"MAISON KITSUN\u00c9 x CAF\u00c9 KITSUN\u00c9 COLLECTION"},"content":{"rendered":"","protected":false},"excerpt":{"rendered":"","protected":false},"author":19,"featured_media":0,"parent":0,"menu_order":275,"comment_status":"closed","ping_status":"closed","template":"page-strates.php","meta":[],"_links":{"self":[{"href":"https:\/\/maisonkitsune.com\/mk\/wp-json\/wp\/v2\/pages\/167881"}],"collection":[{"href":"https:\/\/maisonkitsune.com\/mk\/wp-json\/wp\/v2\/pages"}],"about":[{"href":"https:\/\/maisonkitsune.com\/mk\/wp-json\/wp\/v2\/types\/page"}],"author":[{"embeddable":true,"href":"https:\/\/maisonkitsune.com\/mk\/wp-json\/wp\/v2\/users\/19"}],"replies":[{"embeddable":true,"href":"https:\/\/maisonkitsune.com\/mk\/wp-json\/wp\/v2\/comments?post=167881"}],"version-history":[{"count":1,"href":"https:\/\/maisonkitsune.com\/mk\/wp-json\/wp\/v2\/pages\/167881\/revisions"}],"predecessor-version":[{"id":168272,"href":"https:\/\/maisonkitsune.com\/mk\/wp-json\/wp\/v2\/pages\/167881\/revisions\/168272"}],"wp:attachment":[{"href":"https:\/\/maisonkitsune.com\/mk\/wp-json\/wp\/v2\/media?parent=167881"}],"curies":[{"name":"wp","href":"https:\/\/api.w.org\/{rel}","templated":true}]}}