
{"id":57891,"date":"2018-01-05T14:15:33","date_gmt":"2018-01-05T13:15:33","guid":{"rendered":"https:\/\/www.maisonkitsune.com\/mk\/?page_id=57891"},"modified":"2018-01-08T16:14:57","modified_gmt":"2018-01-08T15:14:57","slug":"agenda-evenements-passes-2","status":"publish","type":"page","link":"https:\/\/maisonkitsune.com\/mk\/fr\/agenda-evenements-passes-2\/","title":{"rendered":"Agenda &#8211; \u00c9v\u00e9nements pass\u00e9s"},"content":{"rendered":"","protected":false},"excerpt":{"rendered":"","protected":false},"author":1,"featured_media":0,"parent":0,"menu_order":806,"comment_status":"closed","ping_status":"closed","template":"page-agenda_past.php","meta":[],"_links":{"self":[{"href":"https:\/\/maisonkitsune.com\/mk\/wp-json\/wp\/v2\/pages\/57891"}],"collection":[{"href":"https:\/\/maisonkitsune.com\/mk\/wp-json\/wp\/v2\/pages"}],"about":[{"href":"https:\/\/maisonkitsune.com\/mk\/wp-json\/wp\/v2\/types\/page"}],"author":[{"embeddable":true,"href":"https:\/\/maisonkitsune.com\/mk\/wp-json\/wp\/v2\/users\/1"}],"replies":[{"embeddable":true,"href":"https:\/\/maisonkitsune.com\/mk\/wp-json\/wp\/v2\/comments?post=57891"}],"version-history":[{"count":0,"href":"https:\/\/maisonkitsune.com\/mk\/wp-json\/wp\/v2\/pages\/57891\/revisions"}],"wp:attachment":[{"href":"https:\/\/maisonkitsune.com\/mk\/wp-json\/wp\/v2\/media?parent=57891"}],"curies":[{"name":"wp","href":"https:\/\/api.w.org\/{rel}","templated":true}]}}