
{"id":77696,"date":"2019-12-10T12:17:14","date_gmt":"2019-12-10T11:17:14","guid":{"rendered":"https:\/\/www.www.maisonkitsune.com\/mk\/?page_id=77696"},"modified":"2020-01-03T16:52:24","modified_gmt":"2020-01-03T15:52:24","slug":"reveillon-de-noel","status":"publish","type":"page","link":"https:\/\/maisonkitsune.com\/mk\/fr\/reveillon-de-noel\/","title":{"rendered":"D\u00eener de r\u00e9veillon au Caf\u00e9 Kitsun\u00e9"},"content":{"rendered":"","protected":false},"excerpt":{"rendered":"","protected":false},"author":1,"featured_media":0,"parent":0,"menu_order":666,"comment_status":"closed","ping_status":"closed","template":"","meta":[],"_links":{"self":[{"href":"https:\/\/maisonkitsune.com\/mk\/wp-json\/wp\/v2\/pages\/77696"}],"collection":[{"href":"https:\/\/maisonkitsune.com\/mk\/wp-json\/wp\/v2\/pages"}],"about":[{"href":"https:\/\/maisonkitsune.com\/mk\/wp-json\/wp\/v2\/types\/page"}],"author":[{"embeddable":true,"href":"https:\/\/maisonkitsune.com\/mk\/wp-json\/wp\/v2\/users\/1"}],"replies":[{"embeddable":true,"href":"https:\/\/maisonkitsune.com\/mk\/wp-json\/wp\/v2\/comments?post=77696"}],"version-history":[{"count":46,"href":"https:\/\/maisonkitsune.com\/mk\/wp-json\/wp\/v2\/pages\/77696\/revisions"}],"predecessor-version":[{"id":78477,"href":"https:\/\/maisonkitsune.com\/mk\/wp-json\/wp\/v2\/pages\/77696\/revisions\/78477"}],"wp:attachment":[{"href":"https:\/\/maisonkitsune.com\/mk\/wp-json\/wp\/v2\/media?parent=77696"}],"curies":[{"name":"wp","href":"https:\/\/api.w.org\/{rel}","templated":true}]}}